{"id":9354,"date":"2025-04-02T14:21:26","date_gmt":"2025-04-02T14:21:26","guid":{"rendered":"https:\/\/www.sword-webtransfer.com\/tarification\/"},"modified":"2025-09-16T10:21:58","modified_gmt":"2025-09-16T10:21:58","slug":"tarification","status":"publish","type":"page","link":"https:\/\/www.sword-webtransfer.com\/fr\/tarification\/","title":{"rendered":"Tarification"},"content":{"rendered":"<p>[et_pb_section fb_built=\u00a0\u00bb1&Prime; _builder_version=\u00a0\u00bb4.27.4&Prime; _module_preset=\u00a0\u00bbdefault\u00a0\u00bb background_color=\u00a0\u00bb#2F557A\u00a0\u00bb background_image=\u00a0\u00bbhttps:\/\/www.sword-webtransfer.com\/wp-content\/uploads\/2025\/04\/princing-page.webp\u00a0\u00bb custom_padding=\u00a0\u00bb1px||0px|||\u00a0\u00bb global_colors_info=\u00a0\u00bb{}\u00a0\u00bb][et_pb_row column_structure=\u00a0\u00bb1_2,1_2&Prime; use_custom_gutter=\u00a0\u00bbon\u00a0\u00bb gutter_width=\u00a0\u00bb1&Prime; make_equal=\u00a0\u00bbon\u00a0\u00bb _builder_version=\u00a0\u00bb4.27.4&Prime; _module_preset=\u00a0\u00bbdefault\u00a0\u00bb width=\u00a0\u00bb100%\u00a0\u00bb max_width=\u00a0\u00bb100vw\u00a0\u00bb custom_padding=\u00a0\u00bb0px||0px|0vw|false|false\u00a0\u00bb global_colors_info=\u00a0\u00bb{}\u00a0\u00bb][et_pb_column type=\u00a0\u00bb1_2&Prime; _builder_version=\u00a0\u00bb4.27.4&Prime; _module_preset=\u00a0\u00bbdefault\u00a0\u00bb background_color=\u00a0\u00bbrgba(47,85,122,0.65)\u00a0\u00bb custom_padding=\u00a0\u00bb180px|6vw|180px|6vw|true|true\u00a0\u00bb border_radii=\u00a0\u00bboff|||60px|\u00a0\u00bb global_colors_info=\u00a0\u00bb{}\u00a0\u00bb][et_pb_divider color=\u00a0\u00bb#FCC502&Prime; divider_weight=\u00a0\u00bb8px\u00a0\u00bb _builder_version=\u00a0\u00bb4.27.4&Prime; _module_preset=\u00a0\u00bbdefault\u00a0\u00bb width=\u00a0\u00bb70px\u00a0\u00bb global_colors_info=\u00a0\u00bb{}\u00a0\u00bb][\/et_pb_divider][et_pb_text _builder_version=\u00a0\u00bb4.27.4&Prime; _module_preset=\u00a0\u00bbdefault\u00a0\u00bb text_text_color=\u00a0\u00bb#FFFFFF\u00a0\u00bb text_font_size=\u00a0\u00bb20px\u00a0\u00bb custom_padding=\u00a0\u00bb0px||30px||false|false\u00a0\u00bb global_colors_info=\u00a0\u00bb{}\u00a0\u00bb]<\/p>\n<p class=\"p1\">SWORD WEBTRANSFER<\/p>\n<p>[\/et_pb_text][et_pb_text _builder_version=\u00a0\u00bb4.27.4&Prime; _module_preset=\u00a0\u00bbdefault\u00a0\u00bb header_text_color=\u00a0\u00bb#FFFFFF\u00a0\u00bb header_font_size=\u00a0\u00bb49px\u00a0\u00bb custom_padding=\u00a0\u00bb||35px||false|false\u00a0\u00bb header_font_size_tablet=\u00a0\u00bb49px\u00a0\u00bb header_font_size_phone=\u00a0\u00bb40px\u00a0\u00bb header_font_size_last_edited=\u00a0\u00bbon|phone\u00a0\u00bb global_colors_info=\u00a0\u00bb{}\u00a0\u00bb]<\/p>\n<h1>Choisissez le forfait qui vous convient<\/h1>\n<p>[\/et_pb_text][dipi_button_grid _builder_version=\u00a0\u00bb4.27.4&Prime; _module_preset=\u00a0\u00bbdefault\u00a0\u00bb global_colors_info=\u00a0\u00bb{}\u00a0\u00bb][\/dipi_button_grid][\/et_pb_column][et_pb_column type=\u00a0\u00bb1_2&Prime; _builder_version=\u00a0\u00bb4.27.4&Prime; _module_preset=\u00a0\u00bbdefault\u00a0\u00bb background_enable_image=\u00a0\u00bboff\u00a0\u00bb global_colors_info=\u00a0\u00bb{}\u00a0\u00bb][\/et_pb_column][\/et_pb_row][\/et_pb_section][et_pb_section fb_built=\u00a0\u00bb1&Prime; _builder_version=\u00a0\u00bb4.27.4&Prime; _module_preset=\u00a0\u00bbdefault\u00a0\u00bb locked=\u00a0\u00bboff\u00a0\u00bb global_colors_info=\u00a0\u00bb{}\u00a0\u00bb][et_pb_row column_structure=\u00a0\u00bb1_2,1_2&Prime; use_custom_gutter=\u00a0\u00bbon\u00a0\u00bb gutter_width=\u00a0\u00bb2&Prime; make_equal=\u00a0\u00bbon\u00a0\u00bb _builder_version=\u00a0\u00bb4.27.4&Prime; _module_preset=\u00a0\u00bbdefault\u00a0\u00bb width=\u00a0\u00bb61%\u00a0\u00bb width_tablet=\u00a0\u00bb61%\u00a0\u00bb width_phone=\u00a0\u00bb85%\u00a0\u00bb width_last_edited=\u00a0\u00bbon|phone\u00a0\u00bb max_width=\u00a0\u00bb90vw\u00a0\u00bb locked=\u00a0\u00bboff\u00a0\u00bb global_colors_info=\u00a0\u00bb{}\u00a0\u00bb][et_pb_column type=\u00a0\u00bb1_2&Prime; _builder_version=\u00a0\u00bb4.27.4&Prime; _module_preset=\u00a0\u00bbdefault\u00a0\u00bb background_color=\u00a0\u00bb#e0e0e0&Prime; custom_padding=\u00a0\u00bb55px|45px|55px|45px|true|true\u00a0\u00bb border_radii=\u00a0\u00bboff|80px||80px|\u00a0\u00bb global_colors_info=\u00a0\u00bb{}\u00a0\u00bb][et_pb_divider color=\u00a0\u00bb#2F557A\u00a0\u00bb divider_weight=\u00a0\u00bb8px\u00a0\u00bb _builder_version=\u00a0\u00bb4.27.4&Prime; _module_preset=\u00a0\u00bbdefault\u00a0\u00bb width=\u00a0\u00bb70px\u00a0\u00bb custom_margin=\u00a0\u00bb||0px||false|false\u00a0\u00bb global_colors_info=\u00a0\u00bb{}\u00a0\u00bb][\/et_pb_divider][et_pb_text _builder_version=\u00a0\u00bb4.27.4&Prime; _module_preset=\u00a0\u00bbdefault\u00a0\u00bb text_font=\u00a0\u00bb|300|||||||\u00a0\u00bb text_text_color=\u00a0\u00bb#000000&Prime; text_font_size=\u00a0\u00bb17px\u00a0\u00bb locked=\u00a0\u00bboff\u00a0\u00bb global_colors_info=\u00a0\u00bb{}\u00a0\u00bb]<\/p>\n<p class=\"p1\">WEBTRANSFER GRATUIT<\/p>\n<p>[\/et_pb_text][et_pb_text _builder_version=\u00a0\u00bb4.27.4&Prime; _module_preset=\u00a0\u00bbdefault\u00a0\u00bb header_3_text_align=\u00a0\u00bbleft\u00a0\u00bb header_3_text_color=\u00a0\u00bb#303030&Prime; header_3_font_size=\u00a0\u00bb35px\u00a0\u00bb header_3_line_height=\u00a0\u00bb1.2em\u00a0\u00bb custom_margin=\u00a0\u00bb||53px|||\u00a0\u00bb header_3_font_size_tablet=\u00a0\u00bb35px\u00a0\u00bb header_3_font_size_phone=\u00a0\u00bb23px\u00a0\u00bb header_3_font_size_last_edited=\u00a0\u00bbon|phone\u00a0\u00bb global_colors_info=\u00a0\u00bb{}\u00a0\u00bb]<\/p>\n<h3>Essayez-le, utilisez-le,<br \/>appr\u00e9ciez-le !<\/h3>\n<p>[\/et_pb_text][et_pb_button button_url=\u00a0\u00bbhttps:\/\/www.webtransfer.ch\/en\/transfer\u00a0\u00bb button_text=\u00a0\u00bbTestez gratuitement\u00a0\u00bb button_alignment=\u00a0\u00bbcenter\u00a0\u00bb _builder_version=\u00a0\u00bb4.27.4&Prime; _module_preset=\u00a0\u00bbdefault\u00a0\u00bb custom_button=\u00a0\u00bbon\u00a0\u00bb button_text_color=\u00a0\u00bb#FFFFFF\u00a0\u00bb button_bg_color=\u00a0\u00bb#2F557A\u00a0\u00bb global_colors_info=\u00a0\u00bb{}\u00a0\u00bb][\/et_pb_button][et_pb_text _builder_version=\u00a0\u00bb4.27.4&Prime; _module_preset=\u00a0\u00bbdefault\u00a0\u00bb text_font=\u00a0\u00bb|300|||||||\u00a0\u00bb text_text_color=\u00a0\u00bb#303030&Prime; text_font_size=\u00a0\u00bb14px\u00a0\u00bb locked=\u00a0\u00bboff\u00a0\u00bb global_colors_info=\u00a0\u00bb{}\u00a0\u00bb]<\/p>\n<p>\u25b6 Pas de licence requise<br \/>\u25b6 Pas d&rsquo;enregistrement requis<br \/>\u25b6 Max. 1 Go de t\u00e9l\u00e9chargement par transfert<br \/>\u25b6 Jusqu&rsquo;\u00e0 5 jours avant que le transfert ne soit automatiquement supprim\u00e9<br \/>\u25b6 Geo fencing : Europe occidentale uniquement<br \/>\u25b6 Abuse-Protection<br \/>\u25b6 Multilingue (D, F, I, E)<br \/>\u25b6 H\u00e9berg\u00e9 en Suisse<br \/>\u25b6 Pas d&rsquo;assistance <\/p>\n<p>[\/et_pb_text][\/et_pb_column][et_pb_column type=\u00a0\u00bb1_2&Prime; _builder_version=\u00a0\u00bb4.27.4&Prime; _module_preset=\u00a0\u00bbdefault\u00a0\u00bb background_color=\u00a0\u00bb#e0e0e0&Prime; custom_padding=\u00a0\u00bb55px|45px|55px|45px|true|true\u00a0\u00bb border_radii=\u00a0\u00bboff|80px||80px|\u00a0\u00bb global_colors_info=\u00a0\u00bb{}\u00a0\u00bb][et_pb_divider color=\u00a0\u00bb#2F557A\u00a0\u00bb divider_weight=\u00a0\u00bb8px\u00a0\u00bb _builder_version=\u00a0\u00bb4.27.4&Prime; _module_preset=\u00a0\u00bbdefault\u00a0\u00bb width=\u00a0\u00bb70px\u00a0\u00bb custom_margin=\u00a0\u00bb||0px||false|false\u00a0\u00bb global_colors_info=\u00a0\u00bb{}\u00a0\u00bb][\/et_pb_divider][et_pb_text _builder_version=\u00a0\u00bb4.27.4&Prime; _module_preset=\u00a0\u00bbdefault\u00a0\u00bb text_font=\u00a0\u00bb|300|||||||\u00a0\u00bb text_text_color=\u00a0\u00bb#000000&Prime; text_font_size=\u00a0\u00bb17px\u00a0\u00bb locked=\u00a0\u00bboff\u00a0\u00bb global_colors_info=\u00a0\u00bb{}\u00a0\u00bb]<\/p>\n<p class=\"p1\"><span>ON PREMISES<\/span><\/p>\n<p>[\/et_pb_text][et_pb_text _builder_version=\u00a0\u00bb4.27.4&Prime; _module_preset=\u00a0\u00bbdefault\u00a0\u00bb header_3_text_align=\u00a0\u00bbleft\u00a0\u00bb header_3_text_color=\u00a0\u00bb#303030&Prime; header_3_font_size=\u00a0\u00bb35px\u00a0\u00bb header_3_line_height=\u00a0\u00bb1.2em\u00a0\u00bb header_font_size_tablet=\u00a0\u00bb\u00a0\u00bb header_font_size_phone=\u00a0\u00bb\u00a0\u00bb header_font_size_last_edited=\u00a0\u00bbon|phone\u00a0\u00bb header_3_font_size_tablet=\u00a0\u00bb35px\u00a0\u00bb header_3_font_size_phone=\u00a0\u00bb25px\u00a0\u00bb header_3_font_size_last_edited=\u00a0\u00bbon|phone\u00a0\u00bb global_colors_info=\u00a0\u00bb{}\u00a0\u00bb]<\/p>\n<h3>Le paquet pour concevoir, partager<br \/>et superviser<\/h3>\n<p>[\/et_pb_text][et_pb_button button_url=\u00a0\u00bb@ET-DC@eyJkeW5hbWljIjp0cnVlLCJjb250ZW50IjoicG9zdF9saW5rX3VybF9wYWdlIiwic2V0dGluZ3MiOnsicG9zdF9pZCI6IjU1MzUifX0=@\u00a0\u00bb button_text=\u00a0\u00bbContactez nous\u00a0\u00bb button_alignment=\u00a0\u00bbcenter\u00a0\u00bb _builder_version=\u00a0\u00bb4.27.4&Prime; _dynamic_attributes=\u00a0\u00bbbutton_url\u00a0\u00bb _module_preset=\u00a0\u00bbdefault\u00a0\u00bb custom_button=\u00a0\u00bbon\u00a0\u00bb button_text_color=\u00a0\u00bb#FFFFFF\u00a0\u00bb button_bg_color=\u00a0\u00bb#2F557A\u00a0\u00bb global_colors_info=\u00a0\u00bb{}\u00a0\u00bb][\/et_pb_button][et_pb_text module_id=\u00a0\u00bbreveal_text\u00a0\u00bb module_class=\u00a0\u00bbreveal_text\u00a0\u00bb _builder_version=\u00a0\u00bb4.27.4&Prime; _module_preset=\u00a0\u00bbdefault\u00a0\u00bb text_font=\u00a0\u00bb|300|||||||\u00a0\u00bb text_text_color=\u00a0\u00bb#303030&Prime; text_font_size=\u00a0\u00bb14px\u00a0\u00bb locked=\u00a0\u00bboff\u00a0\u00bb global_colors_info=\u00a0\u00bb{}\u00a0\u00bb]<\/p>\n<p>\u25b6 3 licences diff\u00e9rentes<br \/> \u25b6 <strong>Petite :<\/strong> 1 domaine<br \/> \u25b6 <strong>Moyenne :<\/strong> jusqu \u00ab \u00e0 10 domaines<br \/> \u25b6 <strong>Grande :<\/strong> plus de 10 domaines<br \/>\u25b6 Nombre illimit\u00e9 de transferts<br \/>\u25b6 Transferts de donn\u00e9es vers ou depuis des tiers<br \/>\u25b6 Acc\u00e8s illimit\u00e9 des utilisateurs \u00e0 partir des domaines configur\u00e9s<br \/>\u25b6 Taille max. du transfert configurable \u25b6 Jusqu \u00bb \u00e0 365 jours avant que le transfert ne soit automatiquement supprim\u00e9 \u25b6 Jusqu \u00ab \u00e0 365 jours avant que le transfert ne soit automatiquement supprim\u00e9  Taille du transfert configurable<br \/>\u25b6 Jusqu \u00bb \u00e0 365 jours avant que le transfert ne soit automatiquement supprim\u00e9<br \/>\u25b6 Marquage du site web avec votre CI (design complet)<br \/>\u25b6 Analyse automatique des virus et des logiciels malveillants<br \/>\u25b6 Geo fencing : d\u00e9finissez votre propre restriction g\u00e9ographique<br \/>\u25b6 Protection contre les abus<br \/>\u25b6 Facultatif : Courriel sign\u00e9<br \/>\u25b6 Multilingue (D, F, I, E)<br \/>\u25b6 Nouvelle langue sur demande<br \/>\u25b6 Outil d&rsquo;administration du backend inclus :<br \/>\u25b6 Maintenance du logiciel<br \/>\u25b6 Version principale une fois par an, y compris les nouvelles fonctionnalit\u00e9s<br \/>\u25b6 Correctifs de s\u00e9curit\u00e9 si n\u00e9cessaire<br \/>\u25b6 Fonctionnalit\u00e9s sur demande (payantes)<br \/>\u25b6 Pas de co\u00fbt suppl\u00e9mentaire pour l&rsquo;int\u00e9gration\/la plate-forme de test  <\/p>\n<p>[\/et_pb_text][dipi_reveal container_selector=\u00a0\u00bb#reveal_text\u00a0\u00bb less_button_text=\u00a0\u00bb- de fonctionnalit\u00e9s\u00a0\u00bb less_container_height=\u00a0\u00bb193px\u00a0\u00bb more_button_text=\u00a0\u00bb+ de fonctionnalit\u00e9s\u00a0\u00bb more_v_offset=\u00a0\u00bb0px\u00a0\u00bb use_overlay=\u00a0\u00bboff\u00a0\u00bb _builder_version=\u00a0\u00bb4.27.4&Prime; _module_preset=\u00a0\u00bbdefault\u00a0\u00bb custom_show_less_button=\u00a0\u00bbon\u00a0\u00bb show_less_button_bg_color=\u00a0\u00bbRGBA(255,255,255,0)\u00a0\u00bb custom_show_more_button=\u00a0\u00bbon\u00a0\u00bb show_more_button_bg_color=\u00a0\u00bbRGBA(255,255,255,0)\u00a0\u00bb show_more_button_border_color=\u00a0\u00bbRGBA(255,255,255,0)\u00a0\u00bb hover_enabled=\u00a0\u00bb0&Prime; global_colors_info=\u00a0\u00bb{}\u00a0\u00bb sticky_enabled=\u00a0\u00bb0&Prime;][\/dipi_reveal][\/et_pb_column][\/et_pb_row][\/et_pb_section]<\/p>\n","protected":false},"excerpt":{"rendered":"<p>SWORD WEBTRANSFERChoisissez le forfait qui vous convient<div class=\"et_pb_module dipi_button_grid dipi_button_grid_0\">\n\t\t\t\t\n\t\t\t\t\n\t\t\t\t\n\t\t\t\t\n\t\t\t\t\n\t\t\t\t\n\t\t\t\t<div class=\"et_pb_module_inner\">\n\t\t\t\t\t<div class=\"dipi-button-grid-container\">\n                \n            <\/div>\n\t\t\t\t<\/div>\n\t\t\t<\/div>WEBTRANSFER GRATUITEssayez-le, utilisez-le,appr\u00e9ciez-le !\u25b6 Pas de licence requise\u25b6 Pas d&rsquo;enregistrement requis\u25b6 Max. 1 Go de t\u00e9l\u00e9chargement par transfert\u25b6 Jusqu&rsquo;\u00e0 5 jours avant que le transfert ne soit automatiquement supprim\u00e9\u25b6 Geo fencing : Europe occidentale uniquement\u25b6 Abuse-Protection\u25b6 Multilingue (D, F, I, E)\u25b6 H\u00e9berg\u00e9 en Suisse\u25b6 Pas d&rsquo;assistance [&hellip;]<\/p>\n","protected":false},"author":12,"featured_media":0,"parent":0,"menu_order":0,"comment_status":"closed","ping_status":"closed","template":"","meta":{"_et_pb_use_builder":"on","_et_pb_old_content":"","_et_gb_content_width":"","footnotes":""},"dipi_cpt_category":[],"class_list":["post-9354","page","type-page","status-publish","hentry"],"_links":{"self":[{"href":"https:\/\/www.sword-webtransfer.com\/fr\/wp-json\/wp\/v2\/pages\/9354","targetHints":{"allow":["GET"]}}],"collection":[{"href":"https:\/\/www.sword-webtransfer.com\/fr\/wp-json\/wp\/v2\/pages"}],"about":[{"href":"https:\/\/www.sword-webtransfer.com\/fr\/wp-json\/wp\/v2\/types\/page"}],"author":[{"embeddable":true,"href":"https:\/\/www.sword-webtransfer.com\/fr\/wp-json\/wp\/v2\/users\/12"}],"replies":[{"embeddable":true,"href":"https:\/\/www.sword-webtransfer.com\/fr\/wp-json\/wp\/v2\/comments?post=9354"}],"version-history":[{"count":10,"href":"https:\/\/www.sword-webtransfer.com\/fr\/wp-json\/wp\/v2\/pages\/9354\/revisions"}],"predecessor-version":[{"id":9746,"href":"https:\/\/www.sword-webtransfer.com\/fr\/wp-json\/wp\/v2\/pages\/9354\/revisions\/9746"}],"wp:attachment":[{"href":"https:\/\/www.sword-webtransfer.com\/fr\/wp-json\/wp\/v2\/media?parent=9354"}],"wp:term":[{"taxonomy":"dipi_cpt_category","embeddable":true,"href":"https:\/\/www.sword-webtransfer.com\/fr\/wp-json\/wp\/v2\/dipi_cpt_category?post=9354"}],"curies":[{"name":"wp","href":"https:\/\/api.w.org\/{rel}","templated":true}]}}